{"id":1326,"date":"2020-03-23T16:18:46","date_gmt":"2020-03-23T15:18:46","guid":{"rendered":"http:\/\/agnieszkalacka.pl\/?page_id=1326"},"modified":"2023-10-03T11:59:56","modified_gmt":"2023-10-03T09:59:56","slug":"zajecia-online","status":"publish","type":"page","link":"https:\/\/agnieszkalacka.pl\/index.php\/zajecia-online\/","title":{"rendered":"Zaj\u0119cia\/konsultacje online"},"content":{"rendered":"\n<p>FAQ:<\/p>\n\n\n\n<ul><li> Obecno\u015b\u0107 na \u0107wiczeniach jest obowi\u0105zkowa!  <\/li><li>Zaj\u0119cia oraz konsultacje odbywaj\u0105 si\u0119 za po\u015brednictwem <a href=\"https:\/\/zoom.us\">https:\/\/zoom.us<\/a>. Mo\u017cliwe jest korzystanie z przegl\u0105darki np. Google Chrome, jednak zainstalowanie dedykowanego programu (z powy\u017cszej strony) sprawdza si\u0119 zdecydowanie lepiej (polecam). Prosz\u0119 zawczasu sprawdzi\u0107, czy umiecie do\u0142\u0105czy\u0107 do spotkania i korzysta\u0107 z tego programu!<\/li><li>Do\u0142\u0105czaj\u0105c do spotkania podajemy w\u0142asne <strong>imi\u0119 i nazwisko<\/strong> oraz <strong>w\u0142\u0105czamy kamer\u0119<\/strong>. <\/li><li>W\u0142\u0105czamy mikrofon tylko je\u015bli chcemy co\u015b powiedzie\u0107. <\/li><li> Trzymamy si\u0119 wyznaczonych godzin spotkania.<\/li><li>Podczas zaj\u0119\u0107 korzystamy z <strong>tablicy<\/strong> online w aplikacji Jamboard. Linki do Waszych tablic znajdziecie w poni\u017cszej tabeli.<\/li><li>Nie wyra\u017cam zgody na rejestrowanie spotka\u0144.<\/li><\/ul>\n\n\n\n<p> <strong>TERMINY \u0106WICZE\u0143 <\/strong>: <\/p>\n\n\n\n<p><\/p>\n\n\n\n<p><\/p>\n\n\n\n<figure class=\"wp-block-table is-style-stripes\"><table><tbody><tr><td class=\"has-text-align-center\" data-align=\"center\">KIERUNEK\/ GRUPA   <\/td><td> TERMIN <\/td><td>  LINK DO SPOTKANIA  <\/td><td> LINK DO TABLICY <\/td><\/tr><tr><td class=\"has-text-align-center\" data-align=\"center\"><strong>WYK\u0141AD<br>EKO<\/strong><\/td><td><strong>Pi\u0105tek<br>19.05.2023<br>8.00-8.45<\/strong><\/td><td><a href=\"https:\/\/olxgroup.zoom.us\/j\/96097212528?pwd=c2lVNWJaV01hd0dCaDRzU0lDclFHZz09\">SPOTKANIE<\/a><\/td><td><\/td><\/tr><tr><td class=\"has-text-align-center\" data-align=\"center\">\u0107wiczenia<br>GP<br>gr GI 1<\/td><td>\u015aroda<br>(21.12.2022) &#8211; odrobione<br>11.30-13.00<\/td><td><s>SPOTKANIE<\/s><\/td><td><a href=\"https:\/\/jamboard.google.com\/d\/11GCC2NuQ99xpJoEPD-mcDIAWOrYkt2iQieKjNS4aDgI\/edit?usp=sharing\" data-type=\"URL\" data-id=\"https:\/\/jamboard.google.com\/d\/11GCC2NuQ99xpJoEPD-mcDIAWOrYkt2iQieKjNS4aDgI\/edit?usp=sharing\">TABLICA<\/a><\/td><\/tr><\/tbody><\/table><\/figure>\n\n\n<p>KONSULTACJE&nbsp;<\/p>\n\n\n<p><\/p>\n","protected":false},"excerpt":{"rendered":"<p>FAQ: Obecno\u015b\u0107 na \u0107wiczeniach jest obowi\u0105zkowa! Zaj\u0119cia oraz konsultacje odbywaj\u0105 si\u0119 za po\u015brednictwem https:\/\/zoom.us. Mo\u017cliwe jest korzystanie z przegl\u0105darki np. Google Chrome, jednak zainstalowanie dedykowanego programu (z powy\u017cszej strony) sprawdza si\u0119 zdecydowanie lepiej (polecam). Prosz\u0119 zawczasu sprawdzi\u0107, czy umiecie do\u0142\u0105czy\u0107 &hellip; <a href=\"https:\/\/agnieszkalacka.pl\/index.php\/zajecia-online\/\">Czytaj dalej <span class=\"meta-nav\">&rarr;<\/span><\/a><\/p>\n","protected":false},"author":3,"featured_media":0,"parent":0,"menu_order":0,"comment_status":"closed","ping_status":"closed","template":"","meta":[],"_links":{"self":[{"href":"https:\/\/agnieszkalacka.pl\/index.php\/wp-json\/wp\/v2\/pages\/1326"}],"collection":[{"href":"https:\/\/agnieszkalacka.pl\/index.php\/wp-json\/wp\/v2\/pages"}],"about":[{"href":"https:\/\/agnieszkalacka.pl\/index.php\/wp-json\/wp\/v2\/types\/page"}],"author":[{"embeddable":true,"href":"https:\/\/agnieszkalacka.pl\/index.php\/wp-json\/wp\/v2\/users\/3"}],"replies":[{"embeddable":true,"href":"https:\/\/agnieszkalacka.pl\/index.php\/wp-json\/wp\/v2\/comments?post=1326"}],"version-history":[{"count":23,"href":"https:\/\/agnieszkalacka.pl\/index.php\/wp-json\/wp\/v2\/pages\/1326\/revisions"}],"predecessor-version":[{"id":1961,"href":"https:\/\/agnieszkalacka.pl\/index.php\/wp-json\/wp\/v2\/pages\/1326\/revisions\/1961"}],"wp:attachment":[{"href":"https:\/\/agnieszkalacka.pl\/index.php\/wp-json\/wp\/v2\/media?parent=1326"}],"curies":[{"name":"wp","href":"https:\/\/api.w.org\/{rel}","templated":true}]}}