{"id":167,"date":"2012-02-15T21:06:44","date_gmt":"2012-02-15T21:06:44","guid":{"rendered":"http:\/\/www.aga.riders.pl\/wp\/?page_id=167"},"modified":"2012-02-15T21:06:44","modified_gmt":"2012-02-15T21:06:44","slug":"publikacje","status":"publish","type":"page","link":"https:\/\/agnieszkalacka.pl\/index.php\/cv\/publikacje\/","title":{"rendered":"Publikacje"},"content":{"rendered":"<p style=\"text-align: justify;\">Oryginalne prace naukowe :<\/p>\n<ul style=\"text-align: justify;\">\n<li>Koz\u0142owski J., Zieli\u0144ska M., Paw\u0142owska A., Koz\u0142owska M. (2006). Susceptibility of some vegetable species to feeding of Cepaea hortensis (M\u00fcller) and Arion rufus (Linnaeus). Journal of Plant Protection Research 46(3): 231-240<\/li>\n<li>Ryniecki A., Paw\u0142owska A., Moli\u0144ski K. (2006). Stochastic Analysis of Grain Drying with Unheated Air Under Two Different Climates. Drying Technology 24(9): 1147-1152 IF<\/li>\n<li>Biszof A., \u0141acka A., Koz\u0142owska M. (2007). Comparision of Two Methods of Testing Hyphotesis for Natural Occurrence of Pest in Field Crop. Colloquium Biometricum 37: 5-15<\/li>\n<li>Skorupska A., \u0141acka A. (2008). Rozw\u00f3j prz\u0119dziorka Chmielowca (Tetranychus urticae Koch) na wybranych gatunkach mi\u0119t. Progress in Plant Protection\/Post\u0119py w Ochronie Ro\u015blin 48 (1): 139-141.<\/li>\n<li>\u0141acka A., Koz\u0142owska M. (2009). Planning of factorial experiments in a block design with nested rows and columns for environmental research. Environmetrics 20(6): 730-742 IF<\/li>\n<li>\u0141acka A., Koz\u0142owska M., Koz\u0142owski J. (2009). Some optimal block designs with nested rows and columns for research on alternative methods of limiting slug damage. Statistical Papers 50(4): 837-846 IF<\/li>\n<li>\u0141acka A., Koz\u0142owska M., Bogacka B. (2009). Estimation and testing hypothesis in a block design with nested rows and columns. Biometrical Letters 46(2): 113-128.<\/li>\n<li>Skorupska A., \u0141acka A. (2009). Reakcja prz\u0119dziorka chmielowca (Tetranychus urticae Koch) na r\u00f3\u017cne gatunki zb\u00f3\u017c. Progress in Plant Protection\/Post\u0119py w Ochronie Ro\u015blin, 49 (1): 142-144<\/li>\n<li>Koz\u0142owska M., \u0141acka A., Krawczyk R., Koz\u0142owski R.J. (2011). Some block designs with nested rows and columns for research on pesticide dose limitation. Environmetrics 22(6), 781\u2013788 IF<\/li>\n<li>\u0141acka A., Jaskulska M. (2011). Some block design with nested rows and columns for plant protection research. Colloquium\u00a0 Biometricum\u00a0 41, 175\u2013186<\/li>\n<li>Koz\u0142owska M., \u0141acka A., Skorupska A. (2012). Block design with nested rows and columns for research on food acceptability limitation for Tetranychus urticae.\u00a0Communications in Statistics &#8211; Theory and Methods\u00a0 41(13-14): 2456-2464, IF<\/li>\n<li>Bembenek M., Giefing D.F., Karaszewski Z., \u0141acka A., Mederski P.S. (2013). \u00a0Strip road impact on selected wood defects of norway spruce (Picea Abies (L.) H. Karst). \u00a0Drewno 56(190): \u00a063-76, IF<\/li>\n<li>Koz\u0142owska M., Jaskulska M., \u0141acka A., Koz\u0142owski R.J. (2014) \u00a0Analysis of studies of the effectiveness of a biological method of protection for organic crops. Biometrical Letters\u00a0 51(1), 45-56<\/li>\n<li>Cali\u0144ski T., \u0141acka A. (2014). On Combining Information in Generally Balanced Nested Block Designs. Communications in Statistics &#8211; Theory and Methods. \u00a0Communications in Statistics: Theory and Methods,43 (5)\u00a0 954-974, IF<\/li>\n<li>Bembenek M., Karaszewski Z., Kondracki K., \u0141acka A., Mederski P.S., Skorupski M., Strzeli\u0144ski P., Su\u0142kowski S., W\u0119giel A. 2014. Value of merchantable timber in Scots pine stands of different densities. Drewno 57 (192): 133-142. DOI: 10.12841\/wood.1644-3985.S14.09, IF<\/li>\n<li>Karaszewski Z., Giefing D. F., \u0141ackaA., A. Noskowiak. 2014. Ovality on trees adjacent to skid road. Annals of Warsaw University of Life Sciences \u2013 SGGW Forestry and Wood Technology No 86, 153-158<\/li>\n<li>Bailey R.A., \u0141acka A., 2015. Nested row-column designs for near-factorial experiments with two treatment factors and one control treatment. Journal of Statistical Planning and Inference. vol 165 , pp. 63-77 <a href=\"http:\/\/dx.doi.org\/10.1016\/j.jspi.2015.04.003\">http:\/\/dx.doi.org\/10.1016\/j.jspi.2015.04.003<\/a> , IF<\/li>\n<li>Budka A. , \u0141acka A., Gaj R., Jajor E., Korbas M., 2015.\u00a0 Predicting winter wheat yields by comparing regression equations. Crop Protection Volume 78, pp. 84\u201391\u00a0 <a href=\"doi:10.1016\/j.cropro.2015.08.006\">http:\/\/doi:10.1016\/j.cropro.2015.08.006<\/a>, IF<\/li>\n<li>Bembenek M., Mederski P.S., Karaszewski Z., \u0141acka A., Grzywi\u0144ski W., W\u0119giel A.,\u00a0 Giefing D.F., Erler J. 2015 Length accuracy of logs from birch and aspen harvested in thinning operations.\u00a0 TURKISH JOURNAL OF AGRICULTURE AND FORESTRY vol 39 (6): 845-850.\u00a0 DOI: 10.3906\/tar-1406-39, <a href=\"http:\/\/journals.tubitak.gov.tr\/agriculture\/issues\/tar-15-39-6\/tar-39-6-1-1406-39.pdf\">http:\/\/journals.tubitak.gov.tr\/agriculture\/issues\/tar-15-39-6\/tar-39-6-1-1406-39.pdf<\/a>, IF<\/li>\n<li>Karaszewski Z., Noskowiak A., \u0141acka A., Bembenek M., Mederski P.S. 2015. Range in depth of wood damage caused by Valmet 360.2 harvester head feed rollers. Annals of Warsaw University of Life Sciences \u2013 SGGW. Forestry and Wood Technology 92: 177-182<\/li>\n<li>Mederski P.S., Bembenek M., Karaszewski Z., Giefing D.F., Sulima-Olejniczak E., Rosi\u0144ska M., \u0141acka A. 2015 Density and mechanical properties of Scots Pine (Pinus sylvestris L.) wood from a seedling seed orchard. Drewno\u00a0 58(195): 117-124. DOI: 10.12841\/wood.1644-3985.123.10, <a href=\"http:\/\/drewno-wood.pl\/pobierz-212\">http:\/\/drewno-wood.pl\/pobierz-212<\/a> IF<\/li>\n<li>Mederski P.S, Bembenek M., Karaszewski Z., \u0141acka A., Szczepa\u0144ska-\u00c1lvarez A., Rosi\u0144ska M. 2016. Estimating and modelling harvester productivity in pine stands of different ages, densities and thinning intensities. Croatian Journal of Forest Engineering 37(1): 27-36 <a href=\"http:\/\/hrcak.srce.hr\/index.php?show=clanak&amp;id_clanak_jezik=226104\">http:\/\/hrcak.srce.hr\/index.php?show=clanak&amp;id_clanak_jezik=226104<\/a> IF<\/li>\n<li>Pieczul K., \u0141acka A. 2016. Cross resistance analysis of <em>Cercospora beticola <\/em>to triazole (DMI) fungicides. Analiza odporno\u015bci krzy\u017cowej <em>Cercospora beticola <\/em>na fungicydy triazolowe (DMI) Progress in Plant Protection, Volume 56, Issue 1, 79-84 <a href=\"http:\/\/www.progress.plantprotection.pl\/?node_id=35&amp;lang=pl&amp;ma_id=1671&amp;a=1\">http:\/\/www.progress.plantprotection.pl\/?node_id=35&amp;lang=pl&amp;ma_id=1671&amp;a=1<\/a><\/li>\n<li>Ratajkiewicz H., Kierzek R., Raczkowski M., Ho\u0142ody\u0144ska-Kulas A., \u0141acka A., W\u00f3jtowicz A., Wachowiak M. 2016 Effect of the spray volume adjustment model on the efficiency of fungicides and residues in processing tomato. Spanish Journal of Agricultural Research, Volume 14, Issue 3, e1007, 15 pages, <a href=\"http:\/\/revistas.inia.es\/index.php\/sjar\/article\/view\/9339\/3012\">http:\/\/revistas.inia.es\/index.php\/sjar\/article\/view\/9339\/3012<\/a>, IF<\/li>\n<li>Karaszewski Z., Mederski P.S., Noskowiak A., Rosi\u0144ska M., \u0141acka A., Bembenek M., 2016. Delimbing quality and bucking accuracy of alder, pine and spruce logs harvested by Valmet 911.4. Annals of Warsaw University of Life Sciences \u2013 SGGW Forestry and Wood Technolog 95: 56-61. (lista na\u00a02015 za 2013\/14): pkt. 10 MNiSW)<\/li>\n<li>Karaszewski Z., \u0141acka A., Mederski P.S., Noskowiak A., Bembenek M. 2016. Damage Caused By Harvester Head Feed Rollers To Alder, Pine And Spruce. Drewno, Vol. 59, No. 197: 77 &#8211; 88. DOI: 10.12841\/wood.1644-3985.C36.08 IF<\/li>\n<li>Karaszewski Z., \u0141acka A., Bembenek M.,\u00a0Mederski P.S 2016. Wood damage and value loss of alder plywood harvested by Valmet 911.4 harvester with a 360.2 head.\u00a0Rozmiar uszkodze\u0144 i strat olszowego drewna \u0142uszczarskiego pozyskanego harwesterem Valmet 911.4 z g\u0142owic\u0105 360.2 Sylwan 160(12): 1002-1009. IF<\/li>\n<li>Weigt D., Kiel A., Nawraca\u0142a J., Pluta M., \u0141acka A. 2016 Solid-stemmed spring wheat cultivars give better androgenic response than hollow-stemmed cultivars in anther culture. In Vitro Cellular and Developmental Biology &#8211; Plant 52:619\u2013625<br \/>\nDOI 10.1007\/s11627-016-9793-2. IF<\/li>\n<li>Anna Budka, Agnieszka \u0141acka, Krzysztof Szoszkiewicz (2018). Estimation of river ecosystem biodiversity based on the Chao estimator Biodiversity and Conservation 27, Issue 1, pp 205\u2013216. PUNKTACJA: ROK PUBL.=30; ROK 2017=30; ROK 2019=100<\/li>\n<li>Henryk Ratajkiewicz, Roman Kierzek, Micha\u0142 Raczkowski, Agnieszka Ho\u0142ody\u0144ska-Kulas, Agnieszka \u0141acka, Tomasz Szulc (2018). The effect of coarse-droplet spraying with double flat fan air induction nozzle and spray volume adjustment model on the efficiency of fungicides and residues in processing tomato Spanish Journal of Agricultural Research v. 16, n. 1, p. e1001. PUNKTACJA: ROK PUBL.=25; ROK 2017=25; ROK 2019=40<\/li>\n<li>Karaszewski Z., \u0141acka A., Mederski P.S., Bembenek M. (2018). Impact of season and harvester engine RPM on pine wood damage from feed roller spikes Croatian Journal of Forest Engineering 39(2): 183 &#8211; 191. PUNKTACJA: ROK PUBL.=20; ROK 2017=20; ROK 2019=100<\/li>\n<li>Piotr S. Mederski, Mariusz Bembenek, Zbigniew Karaszewski, Zenon Pilarek, Agnieszka \u0141acka (2018). Investigation of Log Length Accuracy and Harvester Efficiency in Processing ofOak Trees Croatian Journal of Forest Engineering 39(2): 173 &#8211; 181. PUNKTACJA: ROK PUBL.=20; ROK 2017=20; ROK 2019=100<\/li>\n<li>Juliusz Pernak, Adrian Luboi\u0144ski, Agnieszka \u0141acka,Tadeusz Praczyk (2018). Synthesis and properties of ionic liquids based on mecoprop DOI: 10.1039\/C8NJ03435D New Journal of Chemistry DOI: 10.1039\/C8NJ03435D 42, 17259-17267. PUNKTACJA: ROK PUBL.=30; ROK 2017=30; ROK 2019=70<\/li>\n<li>Andrzej Wegiel; Mariusz Bembenek; Agnieszka \u0141acka; Poitr S. Mederski (2018). Relationship between stand density and value of timber assortments: a case study for Scots pine stands in north-western Poland New Zealand Journal of Forestry Science https:\/\/doi.org\/10.1186\/s40490-018-0117-7 48(1),12. PUNKTACJA: ROK PUBL.=20; ROK 2017=20; ROK 2019=70<\/li>\n<li>Anna Budka, Agnieszka \u0141acka, Krzysztof Szoszkiewicz (2019). The use of rarefaction and extrapolation as methods of estimating the effects of river eutrophication on macrophyte diversity Biodiversity and Conservation 28(2): 385\u2013400. PUNKTACJA: ROK PUBL.=100; ROK 2017=30; ROK 2019=100<\/li>\n<li>Andrzej W\u00f3jtowicz, Marek W\u00f3jtowicz, Roland Sigvald, Bartosz Czernecki, Henryk Ratajkiewicz, Agnieszka \u0141acka, Maciej Zacharczuk, Maria Pasternak (2019). Assessment of the impact of climate change on the latency period of leaf rust on triticale in Poland Acta Agriculturae Scandinavica, Section B \u2014 Soil &amp; Plant Science DOI: 10.1080\/09064710.2019.1696394. PUNKTACJA: ROK PUBL.=40; ROK 2017=20; ROK 2019=40<\/li>\n<li>Karaszewski Z., Noskowiak A., \u0141acka A., Bembenek M., Mederski P.S. (2015). Range in depth of wood damage caused by Valmet 360.2 harvester head feed rollers. Annals of Warsaw University of Life Sciences \u2013 SGGW. Forestry and Wood Technology 92: 177-182. PUNKTACJA: ROK PUBL.=10; ROK 2017=10; ROK 2019=20<\/li>\n<li>Pieczul K., \u0141acka A. (2016). Cross resistance analysis of Cercospora beticola to triazole (DMI) fungicides. Analiza odporno\u015bci krzy\u017cowej Cercospora beticola na fungicydy triazolowe (DMI) Progress in Plant Protection 56(1), 79-84. PUNKTACJA: ROK PUBL.=12; ROK 2017=12; ROK 2019=20<\/li>\n<li>Karaszewski Z., Mederski P.S., Noskowiak A., Rosi\u0144ska M., \u0141acka A., Bembenek M. (2016). Delimbing quality and bucking accuracy of alder, pine and spruce logs harvested by Valmet 911.4. Annals of Warsaw University of Life Sciences \u2013 SGGW Forestry and Wood Technolog 95: 56-61.. PUNKTACJA: ROK PUBL.=10; ROK 2017=10; ROK 2019=20<\/li>\n<li>Katarzyna Marcinkowska, Agnieszka \u0141acka (2019). Effective dose of ionic liquids with glyphosate Biometrical Letters 56(1): 105-116. PUNKTACJA: ROK PUBL.=20; ROK 2017=12; ROK 2019=20<\/li>\n<li>\u00a0Tadeusz Cali\u0144ski, Agnieszka \u0141acka, Idzi Siatkowski (2019). On a new approach to the analysis of variance for experiments with orthogonal block structure. III. Experiments in row-column designs. Biometrical Letters 56(2): 183-213. PUNKTACJA: ROK PUBL.=20; ROK 2017=12; ROK 2019=20<\/li>\n<\/ul>\n","protected":false},"excerpt":{"rendered":"<p>Oryginalne prace naukowe : Koz\u0142owski J., Zieli\u0144ska M., Paw\u0142owska A., Koz\u0142owska M. (2006). Susceptibility of some vegetable species to feeding of Cepaea hortensis (M\u00fcller) and Arion rufus (Linnaeus). Journal of Plant Protection Research 46(3): 231-240 Ryniecki A., Paw\u0142owska A., Moli\u0144ski &hellip; <a href=\"https:\/\/agnieszkalacka.pl\/index.php\/cv\/publikacje\/\">Czytaj dalej <span class=\"meta-nav\">&rarr;<\/span><\/a><\/p>\n","protected":false},"author":3,"featured_media":0,"parent":18,"menu_order":0,"comment_status":"closed","ping_status":"closed","template":"","meta":[],"_links":{"self":[{"href":"https:\/\/agnieszkalacka.pl\/index.php\/wp-json\/wp\/v2\/pages\/167"}],"collection":[{"href":"https:\/\/agnieszkalacka.pl\/index.php\/wp-json\/wp\/v2\/pages"}],"about":[{"href":"https:\/\/agnieszkalacka.pl\/index.php\/wp-json\/wp\/v2\/types\/page"}],"author":[{"embeddable":true,"href":"https:\/\/agnieszkalacka.pl\/index.php\/wp-json\/wp\/v2\/users\/3"}],"replies":[{"embeddable":true,"href":"https:\/\/agnieszkalacka.pl\/index.php\/wp-json\/wp\/v2\/comments?post=167"}],"version-history":[{"count":0,"href":"https:\/\/agnieszkalacka.pl\/index.php\/wp-json\/wp\/v2\/pages\/167\/revisions"}],"up":[{"embeddable":true,"href":"https:\/\/agnieszkalacka.pl\/index.php\/wp-json\/wp\/v2\/pages\/18"}],"wp:attachment":[{"href":"https:\/\/agnieszkalacka.pl\/index.php\/wp-json\/wp\/v2\/media?parent=167"}],"curies":[{"name":"wp","href":"https:\/\/api.w.org\/{rel}","templated":true}]}}