{"id":2216,"date":"2026-03-02T13:31:44","date_gmt":"2026-03-02T12:31:44","guid":{"rendered":"https:\/\/agnieszkalacka.pl\/?page_id=2216"},"modified":"2026-04-09T19:53:36","modified_gmt":"2026-04-09T17:53:36","slug":"ogrodnictwo-doswiadczalnictwo-w-ogrodnictwie","status":"publish","type":"page","link":"https:\/\/agnieszkalacka.pl\/index.php\/ogrodnictwo-doswiadczalnictwo-w-ogrodnictwie\/","title":{"rendered":"Ogrodnictwo &#8211; Do\u015bwiadczalnictwo w ogrodnictwie"},"content":{"rendered":"\n<p><strong>Materia\u0142y<\/strong><\/p>\n\n\n\n<p><a href=\"https:\/\/agnieszkalacka.pl\/wp-content\/uploads\/2026\/03\/DWO_cwicz1-1.pdf\">\u0106wiczenia 1 <\/a><\/p>\n\n\n\n<p><a href=\"https:\/\/agnieszkalacka.pl\/wp-content\/uploads\/2026\/03\/DWO_cwicz2.pdf\" data-type=\"URL\" data-id=\"https:\/\/agnieszkalacka.pl\/wp-content\/uploads\/2026\/03\/DWO_cwicz2.pdf\">\u0106wiczenia 2<\/a><\/p>\n\n\n\n<p><a href=\"https:\/\/agnieszkalacka.pl\/wp-content\/uploads\/2026\/03\/DWO_cwicz3.pdf\" data-type=\"URL\" data-id=\"https:\/\/agnieszkalacka.pl\/wp-content\/uploads\/2026\/03\/DWO_cwicz3.pdf\">\u0106wiczenia 3<\/a><\/p>\n\n\n\n<p><a href=\"https:\/\/agnieszkalacka.pl\/wp-content\/uploads\/2026\/03\/DWO_cwicz4.pdf\">\u0106wiczenia 4 i 5<\/a><\/p>\n\n\n\n<p><a href=\"https:\/\/agnieszkalacka.pl\/wp-content\/uploads\/2026\/04\/DWO_cwicz_6_7.pdf\" data-type=\"URL\" data-id=\"https:\/\/agnieszkalacka.pl\/wp-content\/uploads\/2026\/04\/DWO_cwicz_6_7.pdf\">\u0106wiczenia 6 i 7<\/a><\/p>\n\n\n\n<p><a href=\"https:\/\/agnieszkalacka.pl\/wp-content\/uploads\/2019\/05\/Tablice.pdf\">TABLICE STATYSTYCZNE<\/a><\/p>\n\n\n\n<p><\/p>\n\n\n\n<p><\/p>\n\n\n\n<p><\/p>\n\n\n\n<p>REGULAMIN PRZEDMIOTU<\/p>\n\n\n\n<ol><li><strong>Uczestnictwo w zaj\u0119ciach:<\/strong><ul><li>Zaj\u0119cia odbywaj\u0105 si\u0119 zgodnie z harmonogramem, w godzinach przewidzianych w planie zaj\u0119\u0107.<\/li><li>Student jest zobowi\u0105zany do uczestnictwa w zaj\u0119ciach z grupa studenck\u0105, do kt\u00f3rej zosta\u0142 przydzielony w dziekanacie. Zmiana grupy jest mo\u017cliwa tylko poprzez uzyskanie formalnej zgody z dziekanatu.<\/li><li>Student jest zobowi\u0105zany do uczestnictwa w zaj\u0119ciach dydaktycznych uj\u0119tych w programie studi\u00f3w (Regulamin Studi\u00f3w \u00a7 18 ust. 2 pkt.2).<\/li><li>W ci\u0105gu semestru dopuszczalne s\u0105 dwie nieobecno\u015bci na \u0107wiczeniach i\/lub wyk\u0142adach. Student zobowi\u0105zany jest usprawiedliwi\u0107 nieobecno\u015b\u0107 na zaj\u0119ciach najp\u00f3\u017aniej w terminie dw\u00f3ch tygodni od jej zaistnienia. Podstaw\u0105 usprawiedliwienia jest przedstawienie za\u015bwiadczenia lekarskiego lub pisemne o\u015bwiadczenie studenta o innej wa\u017cnej przyczynie (Regulamin Studi\u00f3w \u00a7 34 ust. 1).<\/li><li>Po opuszczeniu wi\u0119kszej liczby zaj\u0119\u0107 ni\u017c okre\u015blono w p. 1.4, kierownik przedmiotu jest zobowi\u0105zany skre\u015bli\u0107 studenta z listy uczestnicz\u0105cych w zaj\u0119ciach, informuj\u0105c o tym prodziekana ds. studi\u00f3w (Regulamin Studi\u00f3w \u00a7 34 ust. 2).<\/li><li>Nie ma mo\u017cliwo\u015bci odrabiania zaj\u0119\u0107. Student nieobecny na zaj\u0119ciach jest zobowi\u0105zany samodzielnie uzupe\u0142ni\u0107 omawiany na nich materia\u0142, najp\u00f3\u017aniej do pierwszych \u0107wicze\u0144, na kt\u00f3rych b\u0119dzie obecny.<\/li><li>Student jest zobowi\u0105zany zapozna\u0107 si\u0119 z materia\u0142em przedstawionym na wyk\u0142adach przed rozpocz\u0119ciem \u0107wicze\u0144.<\/li><li>Student jest zobowi\u0105zany mie\u0107 na zaj\u0119ciach materia\u0142y przekazane przez prowadz\u0105cego (dopuszczana forma elektroniczna).<\/li><li>W razie d\u0142u\u017cszej choroby obowi\u0105zuj\u0105 zasady zawarte w Regulaminie Studi\u00f3w.<\/li><li>Student chc\u0105cy skorzysta\u0107 z adaptacji edukacyjnych powinien zapozna\u0107 si\u0119 z Zarz\u0105dzeniem Rektora nr 145\/2021 oraz przed\u0142o\u017cy\u0107 kierownikowi przedmiotu dokumenty przewidziane w Regulaminie Adaptacji Edukacyjnych UPP, najp\u00f3\u017aniej 7 dni po ich uzyskaniu.<\/li><li>Student przenosz\u0105cy si\u0119 z innej uczelni\/innego kierunku zobowi\u0105zany jest do przed\u0142o\u017cenia kierownikowi przedmiotu dokument\u00f3w przewidzianych w Regulaminie Studi\u00f3w \u00a7 17 w terminie 7 dni od ich uzyskania.<\/li><li>Student\u00f3w powtarzaj\u0105cych przedmiot obowi\u0105zuj\u0105 zasady uj\u0119te w niniejszym regulaminie. Inne warunki, zwi\u0105zane np. z liczb\u0105 dopuszczanych nieobecno\u015bci, wymagaj\u0105 pisemnej zgody prodziekana ds. studi\u00f3w, kt\u00f3r\u0105 student jest zobowi\u0105zany przedstawi\u0107 kierownikowi przedmiotu w ci\u0105gu 7 dni od jej uzyskania.<\/li><li><strong>Na rejestrowanie d\u017awi\u0119ku i obrazu przez s\u0142uchaczy w trakcie zaj\u0119\u0107 nale\u017cy uzyska\u0107 zgod\u0119 prowadz\u0105cego zaj\u0119cia.<\/strong> W przypadku uzyskania takiej zgody zarejestrowane materia\u0142y nie mog\u0105 by\u0107 udost\u0119pniane publicznie. \u00a7 27, pkt 8 Regulaminu Studi\u00f3w UPP.<\/li><\/ul><\/li><li><strong>Zaliczenie \u0107wicze\u0144:<\/strong><ul><li>Obowi\u0105zuje nast\u0119puj\u0105ca skala ocen: 2,0 = niedostateczny, 3,0 = dostateczny, 3,5 = dostateczny plus, 4,0 = dobry, 4,5 = dobry plus, 5,0 = bardzo dobry.<\/li><li>Warunkiem zaliczenia \u0107wicze\u0144 jest uzyskanie oceny co najmniej 3.0 na ko\u0144cu semestru.<\/li><li>Zaliczenie ma form\u0119 <strong>jednego pisemnego kolokwium<\/strong>, kt\u00f3rego termin i czas trwania ustala prowadz\u0105cy zaj\u0119cia. Zaliczenie \u0107wicze\u0144 otrzymuje student, kt\u00f3ry z kolokwium uzyska\u0142 ocen\u0119 co najmniej 3.0.<\/li><li>Ewentualny brudnopis dopuszczony w czasie pisania kolokwium nie podlega ocenie.<\/li><li>Kolokwia mog\u0105 odbywa\u0107 si\u0119 w terminach dodatkowych, poza planem zaj\u0119\u0107.<\/li><li>Wyniki kolokwium podawane s\u0105 do wiadomo\u015bci student\u00f3w najp\u00f3\u017aniej dwa tygodnie od daty jego napisania.<\/li><li>Nieobecno\u015b\u0107 na kolokwium nieusprawiedliwiona na pi\u015bmie w ci\u0105gu 5 dni od daty kolokwium skutkuje otrzymaniem oceny 2.0 za to kolokwium.<\/li><li>Studentowi, kt\u00f3ry nie uzyska\u0142 na koniec semestru oceny co najmniej dostatecznej przys\u0142uguje prawo do <strong>jednej poprawki kolokwium<\/strong> w formie i terminie wyznaczonymi przez prowadz\u0105cego zaj\u0119cia. Poprawka obejmuje ca\u0142o\u015b\u0107 materia\u0142u wymaganego na kolokwium.<\/li><li>W przypadku niezaliczenia poprawki, student w ci\u0105gu 7 dni od uzyskania wyniku kolokwium poprawkowego mo\u017ce z\u0142o\u017cy\u0107 do kierownika przedmiotu podanie (wraz z uzasadnieniem) o&nbsp; zaliczenie komisyjne. W razie wyra\u017cenia zgody, kierownik przedmiotu ustala termin i&nbsp; miejsce zaliczenia w trybie komisyjnym. Ocena uzyskana na zaliczeniu komisyjnym jest ocen\u0105 ostateczn\u0105 z \u0107wicze\u0144 w danym semestrze.<\/li><li>Prowadz\u0105cy \u0107wiczenia ma prawo wyznaczy\u0107 dodatkowe warunki konieczne do uzyskania zaliczenia \u0107wicze\u0144 (np. zadania domowe, aktywny udzia\u0142 w zaj\u0119ciach, przygotowanie prezentacji i inne).<\/li><\/ul><\/li><li><strong>Zaliczenie przedmiotu:<\/strong><ul><li>Podstaw\u0105 zaliczenia przedmiotu jest egzamin (pisemny i\/lub ustny).<\/li><li>Warunkiem koniecznym przyst\u0105pienia do egzaminu jest uzyskanie oceny co najmniej 3,0 z&nbsp; zaliczenia \u0107wicze\u0144.<\/li><li>W razie uzyskania na egzaminie oceny niedostatecznej studentowi przys\u0142uguje prawo do jednokrotnego powt\u00f3rzenia egzaminu z przedmiotu. Egzamin poprawkowy powinien si\u0119 odby\u0107 nie wcze\u015bniej ni\u017c 5 dni po og\u0142oszeniu wynik\u00f3w egzaminu.<\/li><li>Student, kt\u00f3ry z wa\u017cnych i odpowiednio udokumentowanych powod\u00f3w nie zg\u0142osi\u0142 si\u0119 na egzamin, zachowuje prawo do z\u0142o\u017cenia go w innym, wyznaczonym przez egzaminatora terminie. Nieusprawiedliwienie nieobecno\u015bci w ci\u0105gu 5 dni od jej zaistnienia jest r\u00f3wnoznaczne z otrzymaniem oceny niedostatecznej.<\/li><li>W uzasadnionych przypadkach, na wniosek studenta z\u0142o\u017cony w ci\u0105gu 7 dni od daty og\u0142oszenia wyniku egzaminu, prodziekan ds. studi\u00f3w mo\u017ce zarz\u0105dzi\u0107 egzamin komisyjny.<\/li><\/ul><\/li><\/ol>\n\n\n\n<p>Kwestie nieuj\u0119te w tym Regulaminie rozstrzygni\u0119te b\u0119d\u0105 w oparciu o Regulamin Studi\u00f3w UPP i&nbsp;inne odpowiednie dokumenty wewn\u0119trzne UPP, z kt\u00f3rymi nale\u017cy si\u0119 zapozna\u0107.<\/p>\n","protected":false},"excerpt":{"rendered":"<p>Materia\u0142y \u0106wiczenia 1 \u0106wiczenia 2 \u0106wiczenia 3 \u0106wiczenia 4 i 5 \u0106wiczenia 6 i 7 TABLICE STATYSTYCZNE REGULAMIN PRZEDMIOTU Uczestnictwo w zaj\u0119ciach: Zaj\u0119cia odbywaj\u0105 si\u0119 zgodnie z harmonogramem, w godzinach przewidzianych w planie zaj\u0119\u0107. Student jest zobowi\u0105zany do uczestnictwa w &hellip; <a href=\"https:\/\/agnieszkalacka.pl\/index.php\/ogrodnictwo-doswiadczalnictwo-w-ogrodnictwie\/\">Czytaj dalej <span class=\"meta-nav\">&rarr;<\/span><\/a><\/p>\n","protected":false},"author":3,"featured_media":0,"parent":0,"menu_order":0,"comment_status":"closed","ping_status":"closed","template":"","meta":[],"_links":{"self":[{"href":"https:\/\/agnieszkalacka.pl\/index.php\/wp-json\/wp\/v2\/pages\/2216"}],"collection":[{"href":"https:\/\/agnieszkalacka.pl\/index.php\/wp-json\/wp\/v2\/pages"}],"about":[{"href":"https:\/\/agnieszkalacka.pl\/index.php\/wp-json\/wp\/v2\/types\/page"}],"author":[{"embeddable":true,"href":"https:\/\/agnieszkalacka.pl\/index.php\/wp-json\/wp\/v2\/users\/3"}],"replies":[{"embeddable":true,"href":"https:\/\/agnieszkalacka.pl\/index.php\/wp-json\/wp\/v2\/comments?post=2216"}],"version-history":[{"count":12,"href":"https:\/\/agnieszkalacka.pl\/index.php\/wp-json\/wp\/v2\/pages\/2216\/revisions"}],"predecessor-version":[{"id":2239,"href":"https:\/\/agnieszkalacka.pl\/index.php\/wp-json\/wp\/v2\/pages\/2216\/revisions\/2239"}],"wp:attachment":[{"href":"https:\/\/agnieszkalacka.pl\/index.php\/wp-json\/wp\/v2\/media?parent=2216"}],"curies":[{"name":"wp","href":"https:\/\/api.w.org\/{rel}","templated":true}]}}