{"id":303,"date":"2012-02-19T13:22:29","date_gmt":"2012-02-19T13:22:29","guid":{"rendered":"http:\/\/www.aga.riders.pl\/wp\/?page_id=303"},"modified":"2021-02-13T10:05:41","modified_gmt":"2021-02-13T09:05:41","slug":"bonus","status":"publish","type":"page","link":"https:\/\/agnieszkalacka.pl\/index.php\/bonus\/","title":{"rendered":"Bonus ;)"},"content":{"rendered":"<p><img loading=\"lazy\" class=\"alignnone\" title=\"Wyniki\" src=\"http:\/\/img2.cda.pl\/g\/35286_81dc8265799f8b0523d1247328cb2d63.jpeg\" alt=\"Anegdotka o wynikach\" width=\"505\" height=\"287\" \/><\/p>\n<p>W mieszkaniu matematyka zepsu\u0142 si\u0119 kaloryfer. Matematyk wezwa\u0142 hydraulika. Ten przyszed\u0142, chwil\u0119 popuka\u0142, postuka\u0142 i zreperowa\u0142 kran. Matematyk bardzo zadowolony z szybkiej i skutecznej us\u0142ugi zapyta\u0142 o cen\u0119. Kiedy hydraulik poda\u0142 cen\u0119, matematyk z\u0142apa\u0142 si\u0119 za g\u0142ow\u0119:<br \/>\n&#8211; Panie, ale to po\u0142owa mojej pensji.<br \/>\n&#8211; To gdzie pan pracuje? &#8211; spyta\u0142 hydraulik.<br \/>\n&#8211; Na uniwersytecie, jestem matematykiem.<br \/>\n&#8211; Eee&#8230; nie warto. Niech pan przyjdzie do nas. Sam pan widzia\u0142 &#8211; trzeba tylko troch\u0119 popuka\u0107, postuka\u0107, a zarobi pan 3 razy wi\u0119cej ni\u017c teraz. Tylko kiedy b\u0119dzie si\u0119 pan zg\u0142asza\u0142 do pracy, to niech pan poda wykszta\u0142cenie podstawowe, bo u nas wy\u017csze nie jest najlepiej widziane &#8211; poradzi\u0142 hydraulik.<br \/>\nMatematyk zrobi\u0142 tak , jak mu radzi\u0142 hydraulik. Zadowolony, bo zarabia\u0142 teraz trzy razy wi\u0119cej, postuka\u0142, popuka\u0142 i nie mia\u0142 \u017cadnych problem\u00f3w. \u017by\u0107 nie umiera\u0107&#8230;<br \/>\nAle pewnego dnia wysz\u0142o zarz\u0105dzenie o podwy\u017cszaniu kwalifikacji. Matematyk musia\u0142 p\u00f3j\u015b\u0107 na kurs dokszta\u0142caj\u0105cy.<br \/>\nNa zaj\u0119ciach prowadz\u0105cy m\u00f3wi: &#8211; Zobaczmy, co pami\u0119tacie z matematyki. Jaki jest wz\u00f3r na pole powierzchni ko\u0142a?<br \/>\nDo odpowiedzi zosta\u0142 wywo\u0142any matematyk. Podszed\u0142 do tablicy. Niestety, zapomnia\u0142 wzoru, wi\u0119c zacz\u0105\u0142 go wyprowadza\u0107. Zapisa\u0142 jedn\u0105 tablic\u0119, drug\u0105 i wysz\u0142o mu: -\u03c0r2. Ten minus mu si\u0119 nie podoba\u0142, zacz\u0105\u0142 wi\u0119c wszystko od pocz\u0105tku, ale otrzyma\u0142 ten sam wynik. Rozejrza\u0142 si\u0119 po sali z nadziej\u0105, \u017ce kto\u015b mu podpowie.<br \/>\nA ca\u0142a grupa szepcze: &#8222;Zmie\u0144 granice ca\u0142kowania, zmie\u0144 granice ca\u0142kowania&#8221;&#8230;<\/p>\n<hr \/>\n<p>Jeden profesor m\u00f3wi do drugiego:<br \/>\n&#8211; Najlepiej jest mie\u0107 \u017con\u0119 i kochank\u0119. I to tak, \u017ceby obie o sobie wiedzia\u0142y. \u017bona my\u015bli, \u017ce jeste\u015b u kochanki, kochanka my\u015bli, \u017ce jeste\u015b u \u017cony, a ty tup-tup &#8211; do biblioteki!<\/p>\n<hr \/>\n<p>Aula pe\u0142na student\u00f3w. Zaj\u0119cia prowadzi docent, nie do\u015b\u0107, \u017ce dziekan wydzia\u0142u, to jeszcze kole\u015b, u kt\u00f3rego jest p\u00f3\u017aniej egzamin z tego przedmiotu. Facet ma do dyspozycji kred\u0119, dwie podw\u00f3jne, przesuwane w pionie tablice i mn\u00f3stwo wiedzy w temacie. Zabiera si\u0119 dziarsko do roboty i nie\u015bwiadomie podkr\u0119ca tempo.<\/p>\n<p>W efekcie, praktycznie nikt (poza pierwszym rz\u0119dem, kt\u00f3ry spisuje z tablicy, bo jeszcze widzi jego &#8222;robaczki&#8221;) ju\u017c nie wie, o co chodzi. Ludzie zaczynaj\u0105 rozmawia\u0107, gra\u0107 w k\u00f3\u0142ko i krzy\u017cyk, narasta szum.<\/p>\n<p>Docent ko\u0144czy w\u0142a\u015bnie zapisywa\u0107 czwart\u0105 tablic\u0119 i prowadzi jaki\u015b wyw\u00f3d, gdzie odnosi si\u0119 do zapisk\u00f3w z wszystkich tablic, gdy dociera do niego ten ha\u0142as. Postanawia interweniowa\u0107. Odwraca si\u0119 szybko i widzi, co si\u0119 dzieje. Przera\u017ceni studenci momentalnie milkn\u0105. Zapada grobowa cisza. Docent m\u00f3wi:<br \/>\n&#8211; Prosz\u0119 Pa\u0144stwa! Widz\u0119, \u017ce na tej sali jest mo\u017ce dziesi\u0119\u0107 os\u00f3b, kt\u00f3re wiedz\u0105, o czym ja m\u00f3wi\u0119. Natomiast reszta doskonale si\u0119 bawi!<\/p>\n<p>Cisza staje si\u0119 jeszcze g\u0142\u0119bsza. Zadowolony z siebie, odwr\u00f3ci\u0142 si\u0119 do zapisanych tablic i&#8230; straci\u0142 w\u0105tek. Sta\u0142 tak przed tablicami, pr\u00f3bowa\u0142 sobie przypomnie\u0107, na czym sko\u0144czy\u0142. Niestety&#8230; W ge\u015bcie rezygnacji roz\u0142o\u017cy\u0142 r\u0119ce i nagle cisz\u0119 przerwa\u0142 g\u0142os z sali:<br \/>\n&#8211; Zosta\u0142o nas tylko dziewi\u0119ciu&#8230;<\/p>\n<hr \/>\n<p>Idzie sobie funkcja przez pustyni\u0119 i widzi, \u017ce z przeciwka biegna w pop\u0142ochu inne funkcje. pyta wi\u0119c:<br \/>\n-hej dlaczego tak uciekacie? &#8211; a one na to:<br \/>\n-bo tam dalej jest Wielka R\u00f3\u017cniczka i wszystko r\u00f3\u017cniczkuje! Uciekaj!<br \/>\nAle funkcja posz\u0142a dalej. w ko\u0144cu spotka\u0142a Wielk\u0105 R\u00f3\u017cniczk\u0119 a ta zdziwiona pyta:<br \/>\n-Funkcjo ja jestem Wielka R\u00f3\u017cniczka! dlaczego nie uciekasz?<br \/>\n-bo ja jestem e^x<br \/>\nna co Wileka R\u00f3\u017cniczka:<br \/>\n-ALE JA R\u00d3\u017bNICZKUJE PO y!!!<\/p>\n<hr \/>\n<p>Fizyk, biolog i matematyk obserwuj\u0105 pewien dom. W pewnym momencie do domu wchodz\u0105 2 osoby. Po jakim\u015b czasie wychodz\u0105 3.<br \/>\nBiolog: -Rozmno\u017cyli si\u0119!<br \/>\nFizyk: -Nie, to b\u0142\u0105d pomiaru.<br \/>\nMatematyk: -Je\u015bli wejdzie tam jeszcze jedna osoba to dom b\u0119dzie pusty.<\/p>\n<hr \/>\n<p>W raju spotykaj\u0105 si\u0119 Newton, Pascal i Einstein. Trzej fizycy stwierdzili, \u017ce pobawi\u0105 si\u0119 w chowanego.<br \/>\nEinstein zaczyna liczy\u0107: 1, 2, 3&#8230;<br \/>\nPascal i Newton zastanawiaj\u0105 si\u0119 gdzie tu si\u0119 schowa\u0107. Pascal chowa si\u0119 za jak\u0105\u015b chmurk\u0105. Newton bierze kred\u0119 i rysuje na ziemi kwadrat metr na metr, po czym staje w nim.<br \/>\n&#8211; &#8230; 99, 100. Szukam. Einstein odwraca si\u0119 i widzi za sob\u0105 Newtona.<br \/>\n&#8211; Ha! Mam ci\u0119 Newton!<br \/>\n&#8211; Nie, nie, nie &#8211; odpowiada Newton &#8211; Ja jestem jeden Newton na metr kwadrat, czyli Pascal.<\/p>\n<hr \/>\n<p>Matematyk, fizyk i in\u017cynier dostali po kawa\u0142ku siatki do ogrodzeniowej i zadanie by ogrodzi\u0107 jak najwi\u0119kszy teren.<br \/>\nIn\u017cynier ogrodzi\u0142 elegancki kwadrat.<br \/>\nFizyk obliczy\u0142 \u017ce najlepszy stosunek powierzchni do obwodu ma ko\u0142o i rozstawi\u0142 siatk\u0119 w okr\u0105g.<br \/>\nNatomiast matematyk rozstawi\u0142 siatk\u0119 byle jak, wszed\u0142 do \u015brodka i powiedzia\u0142 \u017ce jest na zewn\u0105trz.<\/p>\n<hr \/>\n<p>Zamkni\u0119to fizyka do\u015bwiadczalnego, fizyka teoretyka i matematyka w trzech oddzielnych celach z puszk\u0105 jedzenia. Po tygodniu otwarto cele. U fizyka do\u015bwiadczalnego \u015bciany poobijane, puszka zmaltretowana, ale rozbita, a zawarto\u015b\u0107 wyjedzona. Fizyk, cho\u0107 wychudzony, \u017cyje. W celi fizyka teoretyka. \u015aciany s\u0105 ca\u0142e pokryte wzorami, obliczeniami. Tylko jeden slad po uderzeniu, puszka precyzyjnie otwarta, a fizyk \u017cyje. W ostatniej puszka nietkni\u0119ta. Na pod\u0142odze le\u017cy martwy matematyk, a na scianie widnieje napis: &#8222;Dany jest walec&#8221;<\/p>\n","protected":false},"excerpt":{"rendered":"<p>W mieszkaniu matematyka zepsu\u0142 si\u0119 kaloryfer. Matematyk wezwa\u0142 hydraulika. Ten przyszed\u0142, chwil\u0119 popuka\u0142, postuka\u0142 i zreperowa\u0142 kran. Matematyk bardzo zadowolony z szybkiej i skutecznej us\u0142ugi zapyta\u0142 o cen\u0119. Kiedy hydraulik poda\u0142 cen\u0119, matematyk z\u0142apa\u0142 si\u0119 za g\u0142ow\u0119: &#8211; Panie, ale &hellip; <a href=\"https:\/\/agnieszkalacka.pl\/index.php\/bonus\/\">Czytaj dalej <span class=\"meta-nav\">&rarr;<\/span><\/a><\/p>\n","protected":false},"author":3,"featured_media":0,"parent":0,"menu_order":6,"comment_status":"closed","ping_status":"closed","template":"","meta":[],"_links":{"self":[{"href":"https:\/\/agnieszkalacka.pl\/index.php\/wp-json\/wp\/v2\/pages\/303"}],"collection":[{"href":"https:\/\/agnieszkalacka.pl\/index.php\/wp-json\/wp\/v2\/pages"}],"about":[{"href":"https:\/\/agnieszkalacka.pl\/index.php\/wp-json\/wp\/v2\/types\/page"}],"author":[{"embeddable":true,"href":"https:\/\/agnieszkalacka.pl\/index.php\/wp-json\/wp\/v2\/users\/3"}],"replies":[{"embeddable":true,"href":"https:\/\/agnieszkalacka.pl\/index.php\/wp-json\/wp\/v2\/comments?post=303"}],"version-history":[{"count":3,"href":"https:\/\/agnieszkalacka.pl\/index.php\/wp-json\/wp\/v2\/pages\/303\/revisions"}],"predecessor-version":[{"id":1708,"href":"https:\/\/agnieszkalacka.pl\/index.php\/wp-json\/wp\/v2\/pages\/303\/revisions\/1708"}],"wp:attachment":[{"href":"https:\/\/agnieszkalacka.pl\/index.php\/wp-json\/wp\/v2\/media?parent=303"}],"curies":[{"name":"wp","href":"https:\/\/api.w.org\/{rel}","templated":true}]}}